{"id":9,"date":"2019-06-06T13:58:45","date_gmt":"2019-06-06T13:58:45","guid":{"rendered":"https:\/\/nuggifee.ch\/?page_id=9"},"modified":"2019-12-24T09:51:56","modified_gmt":"2019-12-24T09:51:56","slug":"startseite","status":"publish","type":"page","link":"https:\/\/nuggifee.ch\/","title":{"rendered":"Startseite"},"content":{"rendered":"<p>Willkommen auf meiner Website!&nbsp;<\/p>\n\n\n<p>Schon bald bin ich wieder beim Burgdorfer Nuggibaum und freue mich auf viele Kinder welche mit ihrem Nuggi den Nuggibaum versch\u00f6nern wollen.<\/p>\n\n\n\n<p>Wann: Am \u00c4nteliteichfest 2020<br>Wo: Beim Nuggibaum im Stadtpark beim \u00c4nteliteich in Burgdorf\/ BE<\/p>\n\n\n\n<p>Letztes Mal durfte ich Nuggis von verschiedenen Kindern an der Ausgabe vom 21. Juni 2019. Ich freue mich schon auf&#8217;s n\u00e4chste Mal!<\/p>\n\n\n\n<figure class=\"wp-block-image\"><img loading=\"lazy\" decoding=\"async\" width=\"720\" height=\"960\" src=\"https:\/\/nuggifee.ch\/wp-content\/uploads\/2019\/06\/61853779_2265169900262955_8927427053330890752_n.jpg\" alt=\"\" class=\"wp-image-45\" srcset=\"https:\/\/nuggifee.ch\/wp-content\/uploads\/2019\/06\/61853779_2265169900262955_8927427053330890752_n.jpg 720w, https:\/\/nuggifee.ch\/wp-content\/uploads\/2019\/06\/61853779_2265169900262955_8927427053330890752_n-225x300.jpg 225w\" sizes=\"auto, (max-width: 720px) 100vw, 720px\" \/><\/figure>\n","protected":false},"excerpt":{"rendered":"<p>Willkommen auf meiner Website!&nbsp; Schon bald bin ich wieder beim Burgdorfer Nuggibaum und freue mich auf viele Kinder welche mit ihrem Nuggi den Nuggibaum versch\u00f6nern wollen. Wann: Am \u00c4nteliteichfest 2020Wo: Beim Nuggibaum im Stadtpark beim \u00c4nteliteich in Burgdorf\/ BE Letztes Mal durfte ich Nuggis von verschiedenen Kindern an der Ausgabe vom 21. Juni 2019. Ich &hellip; <\/p>\n<p class=\"link-more\"><a href=\"https:\/\/nuggifee.ch\/\" class=\"more-link\"><span class=\"screen-reader-text\">\u201eStartseite\u201c <\/span>weiterlesen<\/a><\/p>\n","protected":false},"author":1,"featured_media":0,"parent":0,"menu_order":0,"comment_status":"closed","ping_status":"closed","template":"","meta":{"footnotes":""},"class_list":["post-9","page","type-page","status-publish","hentry"],"_links":{"self":[{"href":"https:\/\/nuggifee.ch\/index.php?rest_route=\/wp\/v2\/pages\/9","targetHints":{"allow":["GET"]}}],"collection":[{"href":"https:\/\/nuggifee.ch\/index.php?rest_route=\/wp\/v2\/pages"}],"about":[{"href":"https:\/\/nuggifee.ch\/index.php?rest_route=\/wp\/v2\/types\/page"}],"author":[{"embeddable":true,"href":"https:\/\/nuggifee.ch\/index.php?rest_route=\/wp\/v2\/users\/1"}],"replies":[{"embeddable":true,"href":"https:\/\/nuggifee.ch\/index.php?rest_route=%2Fwp%2Fv2%2Fcomments&post=9"}],"version-history":[{"count":4,"href":"https:\/\/nuggifee.ch\/index.php?rest_route=\/wp\/v2\/pages\/9\/revisions"}],"predecessor-version":[{"id":49,"href":"https:\/\/nuggifee.ch\/index.php?rest_route=\/wp\/v2\/pages\/9\/revisions\/49"}],"wp:attachment":[{"href":"https:\/\/nuggifee.ch\/index.php?rest_route=%2Fwp%2Fv2%2Fmedia&parent=9"}],"curies":[{"name":"wp","href":"https:\/\/api.w.org\/{rel}","templated":true}]}}